{"id":2443,"date":"2022-04-05T09:17:03","date_gmt":"2022-04-05T09:17:03","guid":{"rendered":"https:\/\/hotek.winstgevers.nl\/?page_id=2443"},"modified":"2025-07-03T14:19:39","modified_gmt":"2025-07-03T14:19:39","slug":"allgemeine-geschaftsbedingungen","status":"publish","type":"page","link":"https:\/\/www.hotek.nl\/de\/allgemeine-geschaftsbedingungen\/","title":{"rendered":"Onze algemene voorwaarden"},"content":{"rendered":"<div data-elementor-type=\"wp-page\" data-elementor-id=\"2443\" class=\"elementor elementor-2443\">\n\t\t\t\t<div class=\"elementor-element elementor-element-8247527 e-flex e-con-boxed e-con e-parent\" data-id=\"8247527\" data-element_type=\"container\">\n\t\t\t\t\t<div class=\"e-con-inner\">\n\t\t\t\t<div class=\"elementor-element elementor-element-2364016 yoast-seo-breadcrumb elementor-widget elementor-widget-shortcode\" data-id=\"2364016\" data-element_type=\"widget\" data-widget_type=\"shortcode.default\">\n\t\t\t\t<div class=\"elementor-widget-container\">\n\t\t\t\t\t\t\t<div class=\"elementor-shortcode\"><span><span><a href=\"https:\/\/www.hotek.nl\/de\/\">Home<\/a><\/span><\/span>\n<\/div>\n\t\t\t\t\t\t<\/div>\n\t\t\t\t<\/div>\n\t\t\t\t\t<\/div>\n\t\t\t\t<\/div>\n\t\t<div class=\"elementor-element elementor-element-32f864c9 e-flex e-con-boxed e-con e-parent\" data-id=\"32f864c9\" data-element_type=\"container\">\n\t\t\t\t\t<div class=\"e-con-inner\">\n\t\t\t\t<div class=\"elementor-element elementor-element-099d3a3 elementor-widget elementor-widget-heading\" data-id=\"099d3a3\" data-element_type=\"widget\" data-widget_type=\"heading.default\">\n\t\t\t\t<div class=\"elementor-widget-container\">\n\t\t\t\t\t<h2 class=\"elementor-heading-title elementor-size-default\">Allgemeins Gesch\u00e4ftsbedingungen<\/h2>\t\t\t\t<\/div>\n\t\t\t\t<\/div>\n\t\t\t\t<div class=\"elementor-element elementor-element-738bbd5 elementor-widget elementor-widget-text-editor\" data-id=\"738bbd5\" data-element_type=\"widget\" data-widget_type=\"text-editor.default\">\n\t\t\t\t<div class=\"elementor-widget-container\">\n\t\t\t\t\t\t\t\t\t<p>Unsere (zus\u00e4tzlichen) Allgemeinen Gesch\u00e4ftsbedingungen gelten f\u00fcr alle unsere Dienstleistungen<\/p><p><span style=\"text-decoration: underline;\"><a href=\"\/wp-content\/uploads\/2025\/04\/2025_ALGEMENE-VERKOOP-LEVERINGS-EN-BETALINGSVOORWAARDEN-de.pdf\" target=\"_blank\" rel=\"noopener\">Allgemeine Verkaufs-, Lieferungs- und Zahlungsbedingungen<\/a><\/span><\/p>\t\t\t\t\t\t\t\t<\/div>\n\t\t\t\t<\/div>\n\t\t\t\t\t<\/div>\n\t\t\t\t<\/div>\n\t\t\t\t<\/div>","protected":false},"excerpt":{"rendered":"<p>Algemene voorwaarden Op al onze diensten zijn onze algemene voorwaarden van toepassing. Algemene Verkoop- leverings- en betalingsvoorwaarden<\/p>","protected":false},"author":1,"featured_media":13053,"parent":0,"menu_order":0,"comment_status":"closed","ping_status":"closed","template":"","meta":{"_acf_changed":false,"site-sidebar-layout":"default","site-content-layout":"default","ast-site-content-layout":"default","site-content-style":"default","site-sidebar-style":"default","ast-global-header-display":"","ast-banner-title-visibility":"","ast-main-header-display":"","ast-hfb-above-header-display":"","ast-hfb-below-header-display":"","ast-hfb-mobile-header-display":"","site-post-title":"disabled","ast-breadcrumbs-content":"","ast-featured-img":"","footer-sml-layout":"","ast-disable-related-posts":"","theme-transparent-header-meta":"default","adv-header-id-meta":"","stick-header-meta":"","header-above-stick-meta":"","header-main-stick-meta":"","header-below-stick-meta":"","astra-migrate-meta-layouts":"set","ast-page-background-enabled":"default","ast-page-background-meta":{"desktop":{"background-color":"var(--ast-global-color-4)","background-image":"","background-repeat":"repeat","background-position":"center center","background-size":"auto","background-attachment":"scroll","background-type":"","background-media":"","overlay-type":"","overlay-color":"","overlay-opacity":"","overlay-gradient":""},"tablet":{"background-color":"","background-image":"","background-repeat":"repeat","background-position":"center center","background-size":"auto","background-attachment":"scroll","background-type":"","background-media":"","overlay-type":"","overlay-color":"","overlay-opacity":"","overlay-gradient":""},"mobile":{"background-color":"","background-image":"","background-repeat":"repeat","background-position":"center center","background-size":"auto","background-attachment":"scroll","background-type":"","background-media":"","overlay-type":"","overlay-color":"","overlay-opacity":"","overlay-gradient":""}},"ast-content-background-meta":{"desktop":{"background-color":"var(--ast-global-color-5)","background-image":"","background-repeat":"repeat","background-position":"center center","background-size":"auto","background-attachment":"scroll","background-type":"","background-media":"","overlay-type":"","overlay-color":"","overlay-opacity":"","overlay-gradient":""},"tablet":{"background-color":"var(--ast-global-color-5)","background-image":"","background-repeat":"repeat","background-position":"center center","background-size":"auto","background-attachment":"scroll","background-type":"","background-media":"","overlay-type":"","overlay-color":"","overlay-opacity":"","overlay-gradient":""},"mobile":{"background-color":"var(--ast-global-color-5)","background-image":"","background-repeat":"repeat","background-position":"center center","background-size":"auto","background-attachment":"scroll","background-type":"","background-media":"","overlay-type":"","overlay-color":"","overlay-opacity":"","overlay-gradient":""}},"footnotes":""},"class_list":["post-2443","page","type-page","status-publish","has-post-thumbnail","hentry"],"acf":[],"yoast_head":"<!-- This site is optimized with the Yoast SEO plugin v26.6 - https:\/\/yoast.com\/wordpress\/plugins\/seo\/ -->\n<title>Onze algemene voorwaarden | Hotek Hospitality Group<\/title>\n<meta name=\"description\" content=\"Op al onze diensten zijn onze algemene voorwaarden van toepassing. Beschikbaar in het Nederlands, Engels, Duits en Frans.\" \/>\n<meta name=\"robots\" content=\"index, follow, max-snippet:-1, max-image-preview:large, max-video-preview:-1\" \/>\n<link rel=\"canonical\" href=\"https:\/\/www.hotek.nl\/de\/allgemeine-geschaftsbedingungen\/\" \/>\n<meta property=\"og:locale\" content=\"de_DE\" \/>\n<meta property=\"og:type\" content=\"article\" \/>\n<meta property=\"og:title\" content=\"Onze algemene voorwaarden | Hotek Hospitality Group\" \/>\n<meta property=\"og:description\" content=\"Op al onze diensten zijn onze algemene voorwaarden van toepassing. Beschikbaar in het Nederlands, Engels, Duits en Frans.\" \/>\n<meta property=\"og:url\" content=\"https:\/\/www.hotek.nl\/de\/allgemeine-geschaftsbedingungen\/\" \/>\n<meta property=\"og:site_name\" content=\"Hotek Hospitality Group\" \/>\n<meta property=\"article:modified_time\" content=\"2025-07-03T14:19:39+00:00\" \/>\n<meta property=\"og:image\" content=\"https:\/\/www.hotek.nl\/wp-content\/uploads\/2024\/03\/Algemene-voorwaarden-Hotek-Hospitality-Group.png\" \/>\n\t<meta property=\"og:image:width\" content=\"1083\" \/>\n\t<meta property=\"og:image:height\" content=\"1083\" \/>\n\t<meta property=\"og:image:type\" content=\"image\/png\" \/>\n<meta name=\"twitter:card\" content=\"summary_large_image\" \/>\n<meta name=\"twitter:label1\" content=\"Est. reading time\" \/>\n\t<meta name=\"twitter:data1\" content=\"1 minute\" \/>\n<script type=\"application\/ld+json\" class=\"yoast-schema-graph\">{\"@context\":\"https:\/\/schema.org\",\"@graph\":[{\"@type\":\"WebPage\",\"@id\":\"https:\/\/www.hotek.nl\/algemene-voorwaarden\/\",\"url\":\"https:\/\/www.hotek.nl\/algemene-voorwaarden\/\",\"name\":\"Onze algemene voorwaarden | Hotek Hospitality Group\",\"isPartOf\":{\"@id\":\"https:\/\/www.hotek.nl\/#website\"},\"primaryImageOfPage\":{\"@id\":\"https:\/\/www.hotek.nl\/algemene-voorwaarden\/#primaryimage\"},\"image\":{\"@id\":\"https:\/\/www.hotek.nl\/algemene-voorwaarden\/#primaryimage\"},\"thumbnailUrl\":\"https:\/\/www.hotek.nl\/wp-content\/uploads\/2024\/03\/Algemene-voorwaarden-Hotek-Hospitality-Group.png\",\"datePublished\":\"2022-04-05T09:17:03+00:00\",\"dateModified\":\"2025-07-03T14:19:39+00:00\",\"description\":\"Op al onze diensten zijn onze algemene voorwaarden van toepassing. Beschikbaar in het Nederlands, Engels, Duits en Frans.\",\"breadcrumb\":{\"@id\":\"https:\/\/www.hotek.nl\/algemene-voorwaarden\/#breadcrumb\"},\"inLanguage\":\"de-DE\",\"potentialAction\":[{\"@type\":\"ReadAction\",\"target\":[\"https:\/\/www.hotek.nl\/algemene-voorwaarden\/\"]}]},{\"@type\":\"ImageObject\",\"inLanguage\":\"de-DE\",\"@id\":\"https:\/\/www.hotek.nl\/algemene-voorwaarden\/#primaryimage\",\"url\":\"https:\/\/www.hotek.nl\/wp-content\/uploads\/2024\/03\/Algemene-voorwaarden-Hotek-Hospitality-Group.png\",\"contentUrl\":\"https:\/\/www.hotek.nl\/wp-content\/uploads\/2024\/03\/Algemene-voorwaarden-Hotek-Hospitality-Group.png\",\"width\":1083,\"height\":1083,\"caption\":\"Algemene voorwaarden - Hotek Hospitality Group\"},{\"@type\":\"BreadcrumbList\",\"@id\":\"https:\/\/www.hotek.nl\/algemene-voorwaarden\/#breadcrumb\",\"itemListElement\":[{\"@type\":\"ListItem\",\"position\":1,\"name\":\"Home\",\"item\":\"https:\/\/www.hotek.nl\/\"},{\"@type\":\"ListItem\",\"position\":2,\"name\":\"Onze algemene voorwaarden\"}]},{\"@type\":\"WebSite\",\"@id\":\"https:\/\/www.hotek.nl\/#website\",\"url\":\"https:\/\/www.hotek.nl\/\",\"name\":\"Hotek Hospitality Group\",\"description\":\"Hospitality &amp; Technology\",\"publisher\":{\"@id\":\"https:\/\/www.hotek.nl\/#organization\"},\"potentialAction\":[{\"@type\":\"SearchAction\",\"target\":{\"@type\":\"EntryPoint\",\"urlTemplate\":\"https:\/\/www.hotek.nl\/?s={search_term_string}\"},\"query-input\":{\"@type\":\"PropertyValueSpecification\",\"valueRequired\":true,\"valueName\":\"search_term_string\"}}],\"inLanguage\":\"de-DE\"},{\"@type\":\"Organization\",\"@id\":\"https:\/\/www.hotek.nl\/#organization\",\"name\":\"Hotek Hospitality Group\",\"url\":\"https:\/\/www.hotek.nl\/\",\"logo\":{\"@type\":\"ImageObject\",\"inLanguage\":\"de-DE\",\"@id\":\"https:\/\/www.hotek.nl\/#\/schema\/logo\/image\/\",\"url\":\"https:\/\/www.hotek.nl\/wp-content\/uploads\/2022\/02\/Group-11.png\",\"contentUrl\":\"https:\/\/www.hotek.nl\/wp-content\/uploads\/2022\/02\/Group-11.png\",\"width\":911,\"height\":373,\"caption\":\"Hotek Hospitality Group\"},\"image\":{\"@id\":\"https:\/\/www.hotek.nl\/#\/schema\/logo\/image\/\"}}]}<\/script>\n<!-- \/ Yoast SEO plugin. -->","yoast_head_json":{"title":"Unsere Allgemeinen Gesch\u00e4ftsbedingungen | Hotek Hospitality Group","description":"F\u00fcr alle unsere Leistungen gelten unsere Allgemeinen Gesch\u00e4ftsbedingungen. Verf\u00fcgbar auf Niederl\u00e4ndisch, Englisch, Deutsch und Franz\u00f6sisch.","robots":{"index":"index","follow":"follow","max-snippet":"max-snippet:-1","max-image-preview":"max-image-preview:large","max-video-preview":"max-video-preview:-1"},"canonical":"https:\/\/www.hotek.nl\/de\/allgemeine-geschaftsbedingungen\/","og_locale":"de_DE","og_type":"article","og_title":"Onze algemene voorwaarden | Hotek Hospitality Group","og_description":"Op al onze diensten zijn onze algemene voorwaarden van toepassing. Beschikbaar in het Nederlands, Engels, Duits en Frans.","og_url":"https:\/\/www.hotek.nl\/de\/allgemeine-geschaftsbedingungen\/","og_site_name":"Hotek Hospitality Group","article_modified_time":"2025-07-03T14:19:39+00:00","og_image":[{"width":1083,"height":1083,"url":"https:\/\/www.hotek.nl\/wp-content\/uploads\/2024\/03\/Algemene-voorwaarden-Hotek-Hospitality-Group.png","type":"image\/png"}],"twitter_card":"summary_large_image","twitter_misc":{"Est. reading time":"1 minute"},"schema":{"@context":"https:\/\/schema.org","@graph":[{"@type":"WebPage","@id":"https:\/\/www.hotek.nl\/algemene-voorwaarden\/","url":"https:\/\/www.hotek.nl\/algemene-voorwaarden\/","name":"Unsere Allgemeinen Gesch\u00e4ftsbedingungen | Hotek Hospitality Group","isPartOf":{"@id":"https:\/\/www.hotek.nl\/#website"},"primaryImageOfPage":{"@id":"https:\/\/www.hotek.nl\/algemene-voorwaarden\/#primaryimage"},"image":{"@id":"https:\/\/www.hotek.nl\/algemene-voorwaarden\/#primaryimage"},"thumbnailUrl":"https:\/\/www.hotek.nl\/wp-content\/uploads\/2024\/03\/Algemene-voorwaarden-Hotek-Hospitality-Group.png","datePublished":"2022-04-05T09:17:03+00:00","dateModified":"2025-07-03T14:19:39+00:00","description":"F\u00fcr alle unsere Leistungen gelten unsere Allgemeinen Gesch\u00e4ftsbedingungen. Verf\u00fcgbar auf Niederl\u00e4ndisch, Englisch, Deutsch und Franz\u00f6sisch.","breadcrumb":{"@id":"https:\/\/www.hotek.nl\/algemene-voorwaarden\/#breadcrumb"},"inLanguage":"de-DE","potentialAction":[{"@type":"ReadAction","target":["https:\/\/www.hotek.nl\/algemene-voorwaarden\/"]}]},{"@type":"ImageObject","inLanguage":"de-DE","@id":"https:\/\/www.hotek.nl\/algemene-voorwaarden\/#primaryimage","url":"https:\/\/www.hotek.nl\/wp-content\/uploads\/2024\/03\/Algemene-voorwaarden-Hotek-Hospitality-Group.png","contentUrl":"https:\/\/www.hotek.nl\/wp-content\/uploads\/2024\/03\/Algemene-voorwaarden-Hotek-Hospitality-Group.png","width":1083,"height":1083,"caption":"Algemene voorwaarden - Hotek Hospitality Group"},{"@type":"BreadcrumbList","@id":"https:\/\/www.hotek.nl\/algemene-voorwaarden\/#breadcrumb","itemListElement":[{"@type":"ListItem","position":1,"name":"Home","item":"https:\/\/www.hotek.nl\/"},{"@type":"ListItem","position":2,"name":"Onze algemene voorwaarden"}]},{"@type":"WebSite","@id":"https:\/\/www.hotek.nl\/#website","url":"https:\/\/www.hotek.nl\/","name":"Die Hotek Hospitality Group","description":"Hospitality &amp; Technology","publisher":{"@id":"https:\/\/www.hotek.nl\/#organization"},"potentialAction":[{"@type":"SearchAction","target":{"@type":"EntryPoint","urlTemplate":"https:\/\/www.hotek.nl\/?s={search_term_string}"},"query-input":{"@type":"PropertyValueSpecification","valueRequired":true,"valueName":"search_term_string"}}],"inLanguage":"de-DE"},{"@type":"Organization","@id":"https:\/\/www.hotek.nl\/#organization","name":"Die Hotek Hospitality Group","url":"https:\/\/www.hotek.nl\/","logo":{"@type":"ImageObject","inLanguage":"de-DE","@id":"https:\/\/www.hotek.nl\/#\/schema\/logo\/image\/","url":"https:\/\/www.hotek.nl\/wp-content\/uploads\/2022\/02\/Group-11.png","contentUrl":"https:\/\/www.hotek.nl\/wp-content\/uploads\/2022\/02\/Group-11.png","width":911,"height":373,"caption":"Hotek Hospitality Group"},"image":{"@id":"https:\/\/www.hotek.nl\/#\/schema\/logo\/image\/"}}]}},"_links":{"self":[{"href":"https:\/\/www.hotek.nl\/de\/wp-json\/wp\/v2\/pages\/2443","targetHints":{"allow":["GET"]}}],"collection":[{"href":"https:\/\/www.hotek.nl\/de\/wp-json\/wp\/v2\/pages"}],"about":[{"href":"https:\/\/www.hotek.nl\/de\/wp-json\/wp\/v2\/types\/page"}],"author":[{"embeddable":true,"href":"https:\/\/www.hotek.nl\/de\/wp-json\/wp\/v2\/users\/1"}],"replies":[{"embeddable":true,"href":"https:\/\/www.hotek.nl\/de\/wp-json\/wp\/v2\/comments?post=2443"}],"version-history":[{"count":41,"href":"https:\/\/www.hotek.nl\/de\/wp-json\/wp\/v2\/pages\/2443\/revisions"}],"predecessor-version":[{"id":16798,"href":"https:\/\/www.hotek.nl\/de\/wp-json\/wp\/v2\/pages\/2443\/revisions\/16798"}],"wp:featuredmedia":[{"embeddable":true,"href":"https:\/\/www.hotek.nl\/de\/wp-json\/wp\/v2\/media\/13053"}],"wp:attachment":[{"href":"https:\/\/www.hotek.nl\/de\/wp-json\/wp\/v2\/media?parent=2443"}],"curies":[{"name":"wp","href":"https:\/\/api.w.org\/{rel}","templated":true}]}}