{"id":2453,"date":"2022-04-05T09:29:08","date_gmt":"2022-04-05T09:29:08","guid":{"rendered":"https:\/\/hotek.winstgevers.nl\/?page_id=2453"},"modified":"2025-07-03T14:48:50","modified_gmt":"2025-07-03T14:48:50","slug":"datenschutzerklarung","status":"publish","type":"page","link":"https:\/\/www.hotek.nl\/de\/datenschutzerklarung\/","title":{"rendered":"Datenschutz-Erkl\u00e4rung"},"content":{"rendered":"<div data-elementor-type=\"wp-page\" data-elementor-id=\"2453\" class=\"elementor elementor-2453\">\n\t\t\t\t<div class=\"elementor-element elementor-element-b304b55 e-flex e-con-boxed e-con e-parent\" data-id=\"b304b55\" data-element_type=\"container\">\n\t\t\t\t\t<div class=\"e-con-inner\">\n\t\t\t\t<div class=\"elementor-element elementor-element-d881b42 yoast-seo-breadcrumb elementor-widget elementor-widget-shortcode\" data-id=\"d881b42\" data-element_type=\"widget\" data-widget_type=\"shortcode.default\">\n\t\t\t\t<div class=\"elementor-widget-container\">\n\t\t\t\t\t\t\t<div class=\"elementor-shortcode\"><span><span><a href=\"https:\/\/www.hotek.nl\/de\/\">Home<\/a><\/span><\/span>\n<\/div>\n\t\t\t\t\t\t<\/div>\n\t\t\t\t<\/div>\n\t\t\t\t\t<\/div>\n\t\t\t\t<\/div>\n\t\t<div class=\"elementor-element elementor-element-462b7bcd e-flex e-con-boxed e-con e-parent\" data-id=\"462b7bcd\" data-element_type=\"container\">\n\t\t\t\t\t<div class=\"e-con-inner\">\n\t\t\t\t<div class=\"elementor-element elementor-element-88d396f elementor-widget elementor-widget-heading\" data-id=\"88d396f\" data-element_type=\"widget\" data-widget_type=\"heading.default\">\n\t\t\t\t<div class=\"elementor-widget-container\">\n\t\t\t\t\t<h2 class=\"elementor-heading-title elementor-size-default\">Datenschutzerkl\u00e4rung<\/h2>\t\t\t\t<\/div>\n\t\t\t\t<\/div>\n\t\t\t\t<div class=\"elementor-element elementor-element-3f899533 elementor-widget elementor-widget-text-editor\" data-id=\"3f899533\" data-element_type=\"widget\" data-widget_type=\"text-editor.default\">\n\t\t\t\t<div class=\"elementor-widget-container\">\n\t\t\t\t\t\t\t\t\t<p>Die Hotek Hospitality Group verarbeitet personenbezogene Daten ihrer Interessenten und Kunden, um (potenziellen) Kunden bestm\u00f6glich zu helfen und unsere Ziele zu erreichen. In dieser Datenschutzerkl\u00e4rung erl\u00e4utern wir, warum und wie wir Ihre personenbezogenen Daten verarbeiten. Die Daten \u00fcber die Besucher und die Nutzung dieser Website k\u00f6nnen zum Zweck unserer Gesch\u00e4ftst\u00e4tigkeit und f\u00fcr allgemeine Webstatistiken gesammelt, analysiert und verarbeitet werden.<\/p><p>Die auf dieser Website gesammelten pers\u00f6nlichen Daten werden von Hotek nicht an Dritte verkauft, vermietet oder anderweitig weitergegeben, es sei denn, dies ist gesetzlich vorgeschrieben.<\/p><p>Hotek ist nicht verantwortlich oder haftbar f\u00fcr die Datenschutzpraktiken oder den Inhalt von Websites, die mit dieser Website verlinkt sind oder auf die auf dieser Website verwiesen wird.<\/p><p>Die Daten werden nur verwendet, um Anfragen an Hotek zu erf\u00fcllen, die \u00fcber diese Website oder anderweitig an uns herangetragen werden, oder um Sie \u00fcber Produkte oder Dienstleistungen zu informieren, die f\u00fcr Sie von Interesse sein k\u00f6nnten. Wenn Sie keine Newsletter, Produktinformationen oder andere Informationen von Hotek mehr erhalten m\u00f6chten, k\u00f6nnen Sie uns dies mitteilen, indem Sie uns eine E-Mail schicken, uns telefonisch kontaktieren oder sich \u00fcber den in den Newslettern angegebenen Link abmelden. Wenn Sie Fragen haben, senden Sie bitte eine E-Mail an: info@hotek.nl.<\/p><p><strong>GDPR-Gesetzgebung<\/strong><\/p><p><strong>Wir verarbeiten die folgenden personenbezogenen Daten:<\/strong><br \/>Vor- und Nachname, Gesch\u00e4ftsadresse, gesch\u00e4ftliche Telefonnummer und E-Mail-Adresse, Geschlecht (um Sie mit \"Herr\" oder \"Frau\" ansprechen zu k\u00f6nnen), Angaben zur Teilnahme (an Messen und Veranstaltungen), Interessengebiete (unsere 3 Marken).<\/p><p><strong>Warum verarbeiten wir diese personenbezogenen Daten?<\/strong><br \/>In unserem CRM halten wir fest, welche Kontakte bei unseren Kunden und potenziellen Kunden besch\u00e4ftigt sind. F\u00fcr Kontakte erfassen wir verschiedene personenbezogene Daten f\u00fcr alle Kommunikationen vor, w\u00e4hrend und nach dem Kaufprozess. Wir versenden auch Newsletter mit Produkt- und Unternehmensinformationen sowie Einladungen zu Messen und Veranstaltungen.<\/p><p class=\"translation-block\"><b>Rechte der betroffenen personen<\/b><br>Gem\u00e4\u00df der DSGVO hat jeder bestimmte Rechte. Wir tun unser Bestes, um diesen so gut wie m\u00f6glich nachzukommen. Haben Sie Tipps oder Anmerkungen? Lassen Sie es uns bitte wissen! Um Ihre Rechte auszu\u00fcben, k\u00f6nnen Sie uns \u00fcber info@hotek.nl kontaktieren.<\/p><ul><li><strong>Auskunftsrecht:<\/strong>\u00a0Selbstverst\u00e4ndlich k\u00f6nnen Sie einsehen, welche personenbezogenen Daten wir \u00fcber Sie verarbeiten. Wir erz\u00e4hlen Ihnen daher gerne mehr dar\u00fcber, wie und warum wir diese Daten verarbeiten.<\/li><li><strong>Recht auf Berichtigung:\u00a0<\/strong>Haben Sie das Gef\u00fchl, dass wir falsche Daten \u00fcber Sie haben? Lassen Sie es uns wissen und wir werden es anpassen.<\/li><li><strong>Recht auf Vergessenwerden:\u00a0<\/strong>Sie k\u00f6nnen die personenbezogenen Daten, die wir von Ihnen entfernt haben, haben. Wir m\u00fcssen diese Daten m\u00f6glicherweise noch f\u00fcr andere Zwecke verarbeiten (z. B. Verwaltung oder Deduplizierung).<\/li><li><strong>Recht auf Einschr\u00e4nkung der Verarbeitung:\u00a0<\/strong>Das Recht, weniger Daten verarbeiten zu lassen; teilen Sie uns mit, welche Daten wir nicht verarbeiten d\u00fcrfen.<\/li><li><strong>Widerspruchsrecht:<\/strong>\u00a0Sie k\u00f6nnen der Verarbeitung Ihrer personenbezogenen Daten widersprechen. Geht es um Marketing? Dann werden wir diese Verarbeitung so schnell wie m\u00f6glich beenden.<\/li><li><strong>Recht auf Daten\u00fcbertragbarkeit:\u00a0<\/strong>Dies ist ein neues Recht im Rahmen der DSGVO, Ihre personenbezogenen Daten zu \u00fcbertragen oder \u00fcbertragen zu lassen. Wenn Sie dies nutzen m\u00f6chten, kontaktieren Sie uns bitte.<\/li><\/ul><p><strong>Kontakte mit einer Rechnungsbeziehung<\/strong><br \/><b>Kontakte mit einer Rechnungsbeziehung<\/b><br>\nBestehende Kunden m\u00fcssen nicht ausdr\u00fccklich ihr Einverst\u00e4ndnis (Opt-in) f\u00fcr Werbebotschaften f\u00fcr \u00e4hnliche Produkte geben. Unter \"Kunden\" verstehen wir Personen, die einen Kauf t\u00e4tigen oder eine Dienstleistung in Anspruch nehmen. Solange eine Opt-out-Option (Entscheidung, nicht (mehr) teilzunehmen) angeboten wird, k\u00f6nnen kommerzielle Nachrichten \u00fcber Produkte und\/oder Dienstleistungen versandt werden.<\/p><div class=\"elementor-element elementor-element-3146f33 elementor-widget elementor-widget-heading\" data-id=\"3146f33\" data-element_type=\"widget\" data-widget_type=\"heading.default\"><div class=\"elementor-widget-container\"><p class=\"elementor-heading-title elementor-size-default\"><span style=\"color: #000000;\"><strong>Gebruik van reCAPTCHA<\/strong><\/span><\/p><\/div><\/div><div class=\"elementor-element elementor-element-9ccd5f3 elementor-widget elementor-widget-text-editor\" data-id=\"9ccd5f3\" data-element_type=\"widget\" data-widget_type=\"text-editor.default\"><div class=\"elementor-widget-container\"><div class=\"container\"><div class=\"row display-flex-sm\"><div class=\"col-sm-9\"><div class=\"content-box content-dark margin-bottom-115-sm\"><div class=\"content\"><p>Wij maken gebruik van Google reCAPTCHA op onze Gravity Forms formulieren om spam en misbruik te voorkomen. reCAPTCHA controleert automatisch of een bezoeker een mens of een bot is en helpt zo om onze website veilig te houden.<\/p><p>Omdat wij reCAPTCHA gebruiken, zijn wij verplicht om de privacyvoorwaarden en algemene voorwaarden van Google beschikbaar te stellen op onze website. U kunt deze hier vinden:<\/p><ul><li>Privacybeleid van Google:\u00a0<a href=\"https:\/\/policies.google.com\/privacy?hl=nl\">https:\/\/policies.google.com\/privacy?hl=nl<\/a><\/li><li>Algemene voorwaarden van Google:\u00a0<a href=\"https:\/\/policies.google.com\/terms?hl=nl\">https:\/\/policies.google.com\/terms?hl=nl<\/a><\/li><\/ul><\/div><\/div><\/div><\/div><\/div><\/div><\/div>\t\t\t\t\t\t\t\t<\/div>\n\t\t\t\t<\/div>\n\t\t\t\t\t<\/div>\n\t\t\t\t<\/div>\n\t\t\t\t<\/div>","protected":false},"excerpt":{"rendered":"<p>Privacy statement Hotek Hospitality Group verwerkt persoonsgegevens van haar prospects en klanten, wij doen dit om (potenti\u00eble) klanten zo goed mogelijk te helpen en onze doelstellingen te bereiken. In dit privacy statement leggen we uit waarom en op welke manier we jouw persoonsgegevens verwerken.De gegevens over de bezoekers en het gebruik van deze website kunnen [&hellip;]<\/p>","protected":false},"author":1,"featured_media":0,"parent":0,"menu_order":0,"comment_status":"closed","ping_status":"closed","template":"","meta":{"_acf_changed":false,"site-sidebar-layout":"default","site-content-layout":"default","ast-site-content-layout":"default","site-content-style":"default","site-sidebar-style":"default","ast-global-header-display":"","ast-banner-title-visibility":"","ast-main-header-display":"","ast-hfb-above-header-display":"","ast-hfb-below-header-display":"","ast-hfb-mobile-header-display":"","site-post-title":"disabled","ast-breadcrumbs-content":"","ast-featured-img":"","footer-sml-layout":"","ast-disable-related-posts":"","theme-transparent-header-meta":"default","adv-header-id-meta":"","stick-header-meta":"","header-above-stick-meta":"","header-main-stick-meta":"","header-below-stick-meta":"","astra-migrate-meta-layouts":"set","ast-page-background-enabled":"default","ast-page-background-meta":{"desktop":{"background-color":"var(--ast-global-color-4)","background-image":"","background-repeat":"repeat","background-position":"center center","background-size":"auto","background-attachment":"scroll","background-type":"","background-media":"","overlay-type":"","overlay-color":"","overlay-opacity":"","overlay-gradient":""},"tablet":{"background-color":"","background-image":"","background-repeat":"repeat","background-position":"center center","background-size":"auto","background-attachment":"scroll","background-type":"","background-media":"","overlay-type":"","overlay-color":"","overlay-opacity":"","overlay-gradient":""},"mobile":{"background-color":"","background-image":"","background-repeat":"repeat","background-position":"center center","background-size":"auto","background-attachment":"scroll","background-type":"","background-media":"","overlay-type":"","overlay-color":"","overlay-opacity":"","overlay-gradient":""}},"ast-content-background-meta":{"desktop":{"background-color":"var(--ast-global-color-5)","background-image":"","background-repeat":"repeat","background-position":"center center","background-size":"auto","background-attachment":"scroll","background-type":"","background-media":"","overlay-type":"","overlay-color":"","overlay-opacity":"","overlay-gradient":""},"tablet":{"background-color":"var(--ast-global-color-5)","background-image":"","background-repeat":"repeat","background-position":"center center","background-size":"auto","background-attachment":"scroll","background-type":"","background-media":"","overlay-type":"","overlay-color":"","overlay-opacity":"","overlay-gradient":""},"mobile":{"background-color":"var(--ast-global-color-5)","background-image":"","background-repeat":"repeat","background-position":"center center","background-size":"auto","background-attachment":"scroll","background-type":"","background-media":"","overlay-type":"","overlay-color":"","overlay-opacity":"","overlay-gradient":""}},"footnotes":""},"class_list":["post-2453","page","type-page","status-publish","hentry"],"acf":[],"yoast_head":"<!-- This site is optimized with the Yoast SEO plugin v26.6 - https:\/\/yoast.com\/wordpress\/plugins\/seo\/ -->\n<title>Privacy Statement | Hotek Hospitality Group<\/title>\n<meta name=\"robots\" content=\"index, follow, max-snippet:-1, max-image-preview:large, max-video-preview:-1\" \/>\n<link rel=\"canonical\" href=\"https:\/\/www.hotek.nl\/de\/datenschutzerklarung\/\" \/>\n<meta property=\"og:locale\" content=\"de_DE\" \/>\n<meta property=\"og:type\" content=\"article\" \/>\n<meta property=\"og:title\" content=\"Privacy Statement | Hotek Hospitality Group\" \/>\n<meta property=\"og:description\" content=\"Privacy statement Hotek Hospitality Group verwerkt persoonsgegevens van haar prospects en klanten, wij doen dit om (potenti\u00eble) klanten zo goed mogelijk te helpen en onze doelstellingen te bereiken. In dit privacy statement leggen we uit waarom en op welke manier we jouw persoonsgegevens verwerken.De gegevens over de bezoekers en het gebruik van deze website kunnen [&hellip;]\" \/>\n<meta property=\"og:url\" content=\"https:\/\/www.hotek.nl\/de\/datenschutzerklarung\/\" \/>\n<meta property=\"og:site_name\" content=\"Hotek Hospitality Group\" \/>\n<meta property=\"article:modified_time\" content=\"2025-07-03T14:48:50+00:00\" \/>\n<meta name=\"twitter:card\" content=\"summary_large_image\" \/>\n<meta name=\"twitter:label1\" content=\"Est. reading time\" \/>\n\t<meta name=\"twitter:data1\" content=\"4 minutes\" \/>\n<script type=\"application\/ld+json\" class=\"yoast-schema-graph\">{\"@context\":\"https:\/\/schema.org\",\"@graph\":[{\"@type\":\"WebPage\",\"@id\":\"https:\/\/www.hotek.nl\/privacy-statement\/\",\"url\":\"https:\/\/www.hotek.nl\/privacy-statement\/\",\"name\":\"Privacy Statement | Hotek Hospitality Group\",\"isPartOf\":{\"@id\":\"https:\/\/www.hotek.nl\/#website\"},\"datePublished\":\"2022-04-05T09:29:08+00:00\",\"dateModified\":\"2025-07-03T14:48:50+00:00\",\"breadcrumb\":{\"@id\":\"https:\/\/www.hotek.nl\/privacy-statement\/#breadcrumb\"},\"inLanguage\":\"de-DE\",\"potentialAction\":[{\"@type\":\"ReadAction\",\"target\":[\"https:\/\/www.hotek.nl\/privacy-statement\/\"]}]},{\"@type\":\"BreadcrumbList\",\"@id\":\"https:\/\/www.hotek.nl\/privacy-statement\/#breadcrumb\",\"itemListElement\":[{\"@type\":\"ListItem\",\"position\":1,\"name\":\"Home\",\"item\":\"https:\/\/www.hotek.nl\/\"},{\"@type\":\"ListItem\",\"position\":2,\"name\":\"Privacy Statement\"}]},{\"@type\":\"WebSite\",\"@id\":\"https:\/\/www.hotek.nl\/#website\",\"url\":\"https:\/\/www.hotek.nl\/\",\"name\":\"Hotek Hospitality Group\",\"description\":\"Hospitality &amp; Technology\",\"publisher\":{\"@id\":\"https:\/\/www.hotek.nl\/#organization\"},\"potentialAction\":[{\"@type\":\"SearchAction\",\"target\":{\"@type\":\"EntryPoint\",\"urlTemplate\":\"https:\/\/www.hotek.nl\/?s={search_term_string}\"},\"query-input\":{\"@type\":\"PropertyValueSpecification\",\"valueRequired\":true,\"valueName\":\"search_term_string\"}}],\"inLanguage\":\"de-DE\"},{\"@type\":\"Organization\",\"@id\":\"https:\/\/www.hotek.nl\/#organization\",\"name\":\"Hotek Hospitality Group\",\"url\":\"https:\/\/www.hotek.nl\/\",\"logo\":{\"@type\":\"ImageObject\",\"inLanguage\":\"de-DE\",\"@id\":\"https:\/\/www.hotek.nl\/#\/schema\/logo\/image\/\",\"url\":\"https:\/\/www.hotek.nl\/wp-content\/uploads\/2022\/02\/Group-11.png\",\"contentUrl\":\"https:\/\/www.hotek.nl\/wp-content\/uploads\/2022\/02\/Group-11.png\",\"width\":911,\"height\":373,\"caption\":\"Hotek Hospitality Group\"},\"image\":{\"@id\":\"https:\/\/www.hotek.nl\/#\/schema\/logo\/image\/\"}}]}<\/script>\n<!-- \/ Yoast SEO plugin. -->","yoast_head_json":{"title":"Privacy Statement | Hotek Hospitality Group","robots":{"index":"index","follow":"follow","max-snippet":"max-snippet:-1","max-image-preview":"max-image-preview:large","max-video-preview":"max-video-preview:-1"},"canonical":"https:\/\/www.hotek.nl\/de\/datenschutzerklarung\/","og_locale":"de_DE","og_type":"article","og_title":"Privacy Statement | Hotek Hospitality Group","og_description":"Privacy statement Hotek Hospitality Group verwerkt persoonsgegevens van haar prospects en klanten, wij doen dit om (potenti\u00eble) klanten zo goed mogelijk te helpen en onze doelstellingen te bereiken. In dit privacy statement leggen we uit waarom en op welke manier we jouw persoonsgegevens verwerken.De gegevens over de bezoekers en het gebruik van deze website kunnen [&hellip;]","og_url":"https:\/\/www.hotek.nl\/de\/datenschutzerklarung\/","og_site_name":"Hotek Hospitality Group","article_modified_time":"2025-07-03T14:48:50+00:00","twitter_card":"summary_large_image","twitter_misc":{"Est. reading time":"4 minutes"},"schema":{"@context":"https:\/\/schema.org","@graph":[{"@type":"WebPage","@id":"https:\/\/www.hotek.nl\/privacy-statement\/","url":"https:\/\/www.hotek.nl\/privacy-statement\/","name":"Privacy Statement | Hotek Hospitality Group","isPartOf":{"@id":"https:\/\/www.hotek.nl\/#website"},"datePublished":"2022-04-05T09:29:08+00:00","dateModified":"2025-07-03T14:48:50+00:00","breadcrumb":{"@id":"https:\/\/www.hotek.nl\/privacy-statement\/#breadcrumb"},"inLanguage":"de-DE","potentialAction":[{"@type":"ReadAction","target":["https:\/\/www.hotek.nl\/privacy-statement\/"]}]},{"@type":"BreadcrumbList","@id":"https:\/\/www.hotek.nl\/privacy-statement\/#breadcrumb","itemListElement":[{"@type":"ListItem","position":1,"name":"Home","item":"https:\/\/www.hotek.nl\/"},{"@type":"ListItem","position":2,"name":"Privacy Statement"}]},{"@type":"WebSite","@id":"https:\/\/www.hotek.nl\/#website","url":"https:\/\/www.hotek.nl\/","name":"Die Hotek Hospitality Group","description":"Hospitality &amp; Technology","publisher":{"@id":"https:\/\/www.hotek.nl\/#organization"},"potentialAction":[{"@type":"SearchAction","target":{"@type":"EntryPoint","urlTemplate":"https:\/\/www.hotek.nl\/?s={search_term_string}"},"query-input":{"@type":"PropertyValueSpecification","valueRequired":true,"valueName":"search_term_string"}}],"inLanguage":"de-DE"},{"@type":"Organization","@id":"https:\/\/www.hotek.nl\/#organization","name":"Die Hotek Hospitality Group","url":"https:\/\/www.hotek.nl\/","logo":{"@type":"ImageObject","inLanguage":"de-DE","@id":"https:\/\/www.hotek.nl\/#\/schema\/logo\/image\/","url":"https:\/\/www.hotek.nl\/wp-content\/uploads\/2022\/02\/Group-11.png","contentUrl":"https:\/\/www.hotek.nl\/wp-content\/uploads\/2022\/02\/Group-11.png","width":911,"height":373,"caption":"Hotek Hospitality Group"},"image":{"@id":"https:\/\/www.hotek.nl\/#\/schema\/logo\/image\/"}}]}},"_links":{"self":[{"href":"https:\/\/www.hotek.nl\/de\/wp-json\/wp\/v2\/pages\/2453","targetHints":{"allow":["GET"]}}],"collection":[{"href":"https:\/\/www.hotek.nl\/de\/wp-json\/wp\/v2\/pages"}],"about":[{"href":"https:\/\/www.hotek.nl\/de\/wp-json\/wp\/v2\/types\/page"}],"author":[{"embeddable":true,"href":"https:\/\/www.hotek.nl\/de\/wp-json\/wp\/v2\/users\/1"}],"replies":[{"embeddable":true,"href":"https:\/\/www.hotek.nl\/de\/wp-json\/wp\/v2\/comments?post=2453"}],"version-history":[{"count":33,"href":"https:\/\/www.hotek.nl\/de\/wp-json\/wp\/v2\/pages\/2453\/revisions"}],"predecessor-version":[{"id":16837,"href":"https:\/\/www.hotek.nl\/de\/wp-json\/wp\/v2\/pages\/2453\/revisions\/16837"}],"wp:attachment":[{"href":"https:\/\/www.hotek.nl\/de\/wp-json\/wp\/v2\/media?parent=2453"}],"curies":[{"name":"wp","href":"https:\/\/api.w.org\/{rel}","templated":true}]}}